{"id":164,"date":"2024-02-13T09:10:16","date_gmt":"2024-02-13T12:10:16","guid":{"rendered":"https:\/\/linguablend.com\/?page_id=164"},"modified":"2024-04-11T21:27:34","modified_gmt":"2024-04-11T19:27:34","slug":"acerca-de-mi","status":"publish","type":"page","link":"https:\/\/linguablend.com\/index.php\/acerca-de-mi\/","title":{"rendered":"Acerca de mi"},"content":{"rendered":"\t\t<div data-elementor-type=\"wp-page\" data-elementor-id=\"164\" class=\"elementor elementor-164\" data-elementor-post-type=\"page\">\n\t\t\t\t\t\t<section class=\"elementor-section elementor-top-section elementor-element elementor-element-213cbaf elementor-section-height-min-height elementor-section-boxed elementor-section-height-default elementor-section-items-middle\" data-id=\"213cbaf\" data-element_type=\"section\" data-settings=\"{&quot;background_background&quot;:&quot;classic&quot;}\">\n\t\t\t\t\t\t<div class=\"elementor-container elementor-column-gap-default\">\n\t\t\t\t\t<div class=\"elementor-column elementor-col-100 elementor-top-column elementor-element elementor-element-379a237\" data-id=\"379a237\" data-element_type=\"column\" data-settings=\"{&quot;background_background&quot;:&quot;classic&quot;}\">\n\t\t\t<div class=\"elementor-widget-wrap elementor-element-populated\">\n\t\t\t\t\t\t<div class=\"elementor-element elementor-element-758c026e elementor-widget elementor-widget-heading\" data-id=\"758c026e\" data-element_type=\"widget\" data-widget_type=\"heading.default\">\n\t\t\t\t<div class=\"elementor-widget-container\">\n\t\t\t\t\t<h1 class=\"elementor-heading-title elementor-size-default\">\u00bfCu\u00e1l es tu viaje ling\u00fc\u00edstico?<\/h1>\t\t\t\t<\/div>\n\t\t\t\t<\/div>\n\t\t\t\t<div class=\"elementor-element elementor-element-8c041cf elementor-invisible elementor-widget elementor-widget-heading\" data-id=\"8c041cf\" data-element_type=\"widget\" data-settings=\"{&quot;_animation&quot;:&quot;fadeInDown&quot;}\" data-widget_type=\"heading.default\">\n\t\t\t\t<div class=\"elementor-widget-container\">\n\t\t\t\t\t<h1 class=\"elementor-heading-title elementor-size-default\">Te cuento un poco del m\u00edo\u2026<\/h1>\t\t\t\t<\/div>\n\t\t\t\t<\/div>\n\t\t\t\t\t<\/div>\n\t\t<\/div>\n\t\t\t\t\t<\/div>\n\t\t<\/section>\n\t\t<div class=\"elementor-element elementor-element-d7bd638 e-flex e-con-boxed e-con e-parent\" data-id=\"d7bd638\" data-element_type=\"container\">\n\t\t\t\t\t<div class=\"e-con-inner\">\n\t\t<div class=\"elementor-element elementor-element-56d6272 e-con-full e-flex e-con e-child\" data-id=\"56d6272\" data-element_type=\"container\">\n\t\t\t\t<\/div>\n\t\t<div class=\"elementor-element elementor-element-f84286f e-con-full e-flex e-con e-child\" data-id=\"f84286f\" data-element_type=\"container\">\n\t\t\t\t<div class=\"elementor-element elementor-element-cb32b1f elementor-widget elementor-widget-text-editor\" data-id=\"cb32b1f\" data-element_type=\"widget\" data-widget_type=\"text-editor.default\">\n\t\t\t\t<div class=\"elementor-widget-container\">\n\t\t\t\t\t\t\t\t\t<p><strong>Imagina esto: <\/strong>Una chica brasile\u00f1a de unos 19 a\u00f1os, impulsada por una mezcla de confusi\u00f3n y hormonas j\u00f3venes, mud\u00e1ndose de pa\u00eds en busca de nuevas aventuras, con poca, o ninguna, idea de lo que estaba haciendo. \u00a1S\u00ed, soy yo!<\/p><p>Esa combinaci\u00f3n de confusi\u00f3n y curiosidad me llev\u00f3 a un viaje de autodescubrimiento que me sac\u00f3 de la comodidad de mi tierra hacia los paisajes, sonidos e idiomas de otras culturas.<\/p><p>Londres fue mi primera parada y mi dulce hogar durante 15 a\u00f1os. Nada m\u00e1s llegar, lo que me impact\u00f3 de inmediato fue la loca mezcla de idiomas, acentos, ruidos y culturas. \u00a1Era como un juego de trabalenguas en las calles, y lo encontr\u00e9 fascinante!<br \/>Luego empec\u00e9 un viaje acad\u00e9mico que culmin\u00f3 en una licenciatura en Traducci\u00f3n Aplicada, alimentando mi pasi\u00f3n por los idiomas y sentando una base s\u00f3lida para mi carrera docente que vendr\u00eda m\u00e1s adelante.<\/p><p>Despu\u00e9s de tantos a\u00f1os de la lluviosa Inglaterra, me vi atra\u00edda por el estilo de vida soleado de Espa\u00f1a. Aqu\u00ed, y de forma muy inesperada, la ense\u00f1anza entr\u00f3 en mi vida y Lingua Blend comenz\u00f3 a tomar forma, aunque yo no era consciente de ello en ese momento. Desde ense\u00f1ar informalmente a amigos y conocidos hasta completar cursos de formaci\u00f3n docente y trabajar en diferentes programas (algunos como voluntaria), tuve la oportunidad no solo de dar forma a mi vocaci\u00f3n y carrera, pero principalmente de conectar con personas de diferentes esferas de la vida.<\/p><p>A lo largo de este proceso de aprendizaje y ense\u00f1anza de idiomas, dos cosas siempre se han destacado: las conexiones que he hecho y los tantos mundos que he descubierto a trav\u00e9s de ellos. Para m\u00ed, el punto principal est\u00e1 en el intercambio genuino que surge, aportando una mirada m\u00e1s amplia sobre otras formas de pensar, vivir, entender el mundo, el tiempo y el espacio.<span style=\"font-style: inherit; font-weight: inherit;\">\u00a0<\/span><\/p><p>Por lo tanto, cuando te aventures en tu camino de aprendizaje de idiomas, recuerda que cada palabra aprendida y cada conversaci\u00f3n sostenida abren nuevas dimensiones del mundo. Eso es lo que los idiomas han hecho por m\u00ed. Espero que hagan lo mismo por ti.<\/p>\t\t\t\t\t\t\t\t<\/div>\n\t\t\t\t<\/div>\n\t\t\t\t<\/div>\n\t\t<div class=\"elementor-element elementor-element-d0b7eaf e-con-full e-flex e-con e-child\" data-id=\"d0b7eaf\" data-element_type=\"container\">\n\t\t\t\t<\/div>\n\t\t\t\t\t<\/div>\n\t\t\t\t<\/div>\n\t\t\t\t<section class=\"elementor-section elementor-top-section elementor-element elementor-element-df13b58 elementor-section-boxed elementor-section-height-default elementor-section-height-default\" data-id=\"df13b58\" data-element_type=\"section\" data-settings=\"{&quot;background_background&quot;:&quot;classic&quot;,&quot;motion_fx_motion_fx_scrolling&quot;:&quot;yes&quot;,&quot;motion_fx_opacity_effect&quot;:&quot;yes&quot;,&quot;motion_fx_opacity_range&quot;:{&quot;unit&quot;:&quot;%&quot;,&quot;size&quot;:&quot;&quot;,&quot;sizes&quot;:{&quot;start&quot;:21,&quot;end&quot;:44}},&quot;motion_fx_opacity_direction&quot;:&quot;out-in&quot;,&quot;motion_fx_opacity_level&quot;:{&quot;unit&quot;:&quot;px&quot;,&quot;size&quot;:10,&quot;sizes&quot;:[]},&quot;motion_fx_devices&quot;:[&quot;desktop&quot;,&quot;tablet&quot;,&quot;mobile&quot;]}\">\n\t\t\t\t\t\t<div class=\"elementor-container elementor-column-gap-default\">\n\t\t\t\t\t<div class=\"elementor-column elementor-col-100 elementor-top-column elementor-element elementor-element-e7c9d0c\" data-id=\"e7c9d0c\" data-element_type=\"column\" data-settings=\"{&quot;background_background&quot;:&quot;gradient&quot;}\">\n\t\t\t<div class=\"elementor-widget-wrap elementor-element-populated\">\n\t\t\t\t<div class=\"elementor-element elementor-element-2be9e7f e-flex e-con-boxed e-con e-parent\" data-id=\"2be9e7f\" data-element_type=\"container\" data-settings=\"{&quot;background_background&quot;:&quot;classic&quot;}\">\n\t\t\t\t\t<div class=\"e-con-inner\">\n\t\t<div class=\"elementor-element elementor-element-44df1d1 e-con-full e-flex e-con e-child\" data-id=\"44df1d1\" data-element_type=\"container\">\n\t\t\t\t<div class=\"elementor-element elementor-element-f32f7be elementor-widget elementor-widget-image\" data-id=\"f32f7be\" data-element_type=\"widget\" data-widget_type=\"image.default\">\n\t\t\t\t<div class=\"elementor-widget-container\">\n\t\t\t\t\t\t\t\t\t\t\t\t\t\t\t<img fetchpriority=\"high\" decoding=\"async\" width=\"831\" height=\"1024\" src=\"https:\/\/linguablend.com\/wp-content\/uploads\/2024\/03\/Laura-Lima-Profesora-de-ingles-y-portugeus-2-831x1024.jpg\" class=\"attachment-large size-large wp-image-726\" alt=\"\" srcset=\"https:\/\/linguablend.com\/wp-content\/uploads\/2024\/03\/Laura-Lima-Profesora-de-ingles-y-portugeus-2-831x1024.jpg 831w, https:\/\/linguablend.com\/wp-content\/uploads\/2024\/03\/Laura-Lima-Profesora-de-ingles-y-portugeus-2-244x300.jpg 244w, https:\/\/linguablend.com\/wp-content\/uploads\/2024\/03\/Laura-Lima-Profesora-de-ingles-y-portugeus-2-768x946.jpg 768w, https:\/\/linguablend.com\/wp-content\/uploads\/2024\/03\/Laura-Lima-Profesora-de-ingles-y-portugeus-2.jpg 1242w\" sizes=\"(max-width: 831px) 100vw, 831px\" \/>\t\t\t\t\t\t\t\t\t\t\t\t\t\t\t<\/div>\n\t\t\t\t<\/div>\n\t\t\t\t<\/div>\n\t\t<div class=\"elementor-element elementor-element-0fec444 e-flex e-con-boxed e-con e-child\" data-id=\"0fec444\" data-element_type=\"container\">\n\t\t\t\t\t<div class=\"e-con-inner\">\n\t\t\t\t<div class=\"elementor-element elementor-element-f60a138 elementor-headline--style-rotate elementor-widget elementor-widget-animated-headline\" data-id=\"f60a138\" data-element_type=\"widget\" data-settings=\"{&quot;headline_style&quot;:&quot;rotate&quot;,&quot;animation_type&quot;:&quot;slide-down&quot;,&quot;rotating_text&quot;:&quot;L\\u00edngua Blend!&quot;,&quot;rotate_iteration_delay&quot;:2500}\" data-widget_type=\"animated-headline.default\">\n\t\t\t\t<div class=\"elementor-widget-container\">\n\t\t\t\t\t\t\t<h3 class=\"elementor-headline elementor-headline-animation-type-slide-down\">\n\t\t\t\t\t<span class=\"elementor-headline-plain-text elementor-headline-text-wrapper\">\u00a1Y as\u00ed naci\u00f3 <\/span>\n\t\t\t\t<span class=\"elementor-headline-dynamic-wrapper elementor-headline-text-wrapper\">\n\t\t\t\t\t<span class=\"elementor-headline-dynamic-text elementor-headline-text-active\">\n\t\t\t\tL\u00edngua&nbsp;Blend!\t\t\t<\/span>\n\t\t\t\t\t\t<\/span>\n\t\t\t\t<\/h3>\n\t\t\t\t\t\t<\/div>\n\t\t\t\t<\/div>\n\t\t\t\t<div class=\"elementor-element elementor-element-aff7ffb elementor-widget elementor-widget-text-editor\" data-id=\"aff7ffb\" data-element_type=\"widget\" data-widget_type=\"text-editor.default\">\n\t\t\t\t<div class=\"elementor-widget-container\">\n\t\t\t\t\t\t\t\t\t<p>Como has podido notar por lo que te he contado anteriormente, mi historia refleja la esencia misma de L\u00edngua Blend y me hace mucha ilusi\u00f3n poder aportar ese esp\u00edritu y experiencia a trav\u00e9s de ella. Aqu\u00ed, todos los \u201csabores\u201d (dulce o amargo) de mis experiencias han sido combinados en una mezcla \u00fanica de aprendizaje y exploraci\u00f3n de idiomas.<\/p><p><strong>Con L\u00edngua Blend, encontrar\u00e1s un ambiente de aprendizaje din\u00e1mico y de apoyo donde mejorar\u00e1s tus habilidades ling\u00fc\u00edsticas para viajar, trabajar o para otros fines espec\u00edficos.<\/strong><\/p>\t\t\t\t\t\t\t\t<\/div>\n\t\t\t\t<\/div>\n\t\t\t\t\t<\/div>\n\t\t\t\t<\/div>\n\t\t\t\t\t<\/div>\n\t\t\t\t<\/div>\n\t\t\t\t\t<\/div>\n\t\t<\/div>\n\t\t\t\t\t<\/div>\n\t\t<\/section>\n\t\t\t\t<section class=\"elementor-section elementor-top-section elementor-element elementor-element-f1dc463 elementor-section-boxed elementor-section-height-default elementor-section-height-default\" data-id=\"f1dc463\" data-element_type=\"section\" data-settings=\"{&quot;background_background&quot;:&quot;classic&quot;}\">\n\t\t\t\t\t\t<div class=\"elementor-container elementor-column-gap-default\">\n\t\t\t\t\t<div class=\"elementor-column elementor-col-100 elementor-top-column elementor-element elementor-element-5df7e24\" data-id=\"5df7e24\" data-element_type=\"column\" data-settings=\"{&quot;background_background&quot;:&quot;classic&quot;}\">\n\t\t\t<div class=\"elementor-widget-wrap elementor-element-populated\">\n\t\t\t\t\t\t<div class=\"elementor-element elementor-element-4bb7bc5 elementor-testimonial--align-left elementor-testimonial--skin-default elementor-testimonial--layout-image_inline elementor-arrows-yes elementor-pagination-type-bullets elementor-widget elementor-widget-testimonial-carousel\" data-id=\"4bb7bc5\" data-element_type=\"widget\" data-settings=\"{&quot;show_arrows&quot;:&quot;yes&quot;,&quot;pagination&quot;:&quot;bullets&quot;,&quot;speed&quot;:500,&quot;autoplay&quot;:&quot;yes&quot;,&quot;autoplay_speed&quot;:5000,&quot;loop&quot;:&quot;yes&quot;,&quot;pause_on_hover&quot;:&quot;yes&quot;,&quot;pause_on_interaction&quot;:&quot;yes&quot;,&quot;space_between&quot;:{&quot;unit&quot;:&quot;px&quot;,&quot;size&quot;:10,&quot;sizes&quot;:[]},&quot;space_between_tablet&quot;:{&quot;unit&quot;:&quot;px&quot;,&quot;size&quot;:10,&quot;sizes&quot;:[]},&quot;space_between_mobile&quot;:{&quot;unit&quot;:&quot;px&quot;,&quot;size&quot;:10,&quot;sizes&quot;:[]}}\" data-widget_type=\"testimonial-carousel.default\">\n\t\t\t\t<div class=\"elementor-widget-container\">\n\t\t\t\t\t\t\t<div class=\"elementor-swiper\">\n\t\t\t<div class=\"elementor-main-swiper swiper\">\n\t\t\t\t<div class=\"swiper-wrapper\">\n\t\t\t\t\t\t\t\t\t\t\t<div class=\"swiper-slide\">\n\t\t\t\t\t\t\t\t\t<div class=\"elementor-testimonial\">\n\t\t\t\t\t\t\t<div class=\"elementor-testimonial__content\">\n\t\t\t\t\t<div class=\"elementor-testimonial__text\">\n\t\t\t\t\t\tConsidero, y defiendo firmemente, que un idioma no es solo una herramienta de comunicaci\u00f3n, sino un reflejo de la identidad, los valores y las tradiciones de una comunidad, y eso es simplemente fascinante!\t\t\t\t\t<\/div>\n\t\t\t\t\t\t\t\t\t<\/div>\n\t\t\t\t\t\t<div class=\"elementor-testimonial__footer\">\n\t\t\t\t\t\t\t\t\t<div class=\"elementor-testimonial__image\">\n\t\t\t\t\t\t<img decoding=\"async\" src=\"https:\/\/linguablend.com\/wp-content\/uploads\/2024\/03\/Laura-Lima-Profesora-de-ingles-y-portugeus-4.jpg\" alt=\"Laura Lima\">\n\t\t\t\t\t\t\t\t\t\t\t<\/div>\n\t\t\t\t\t\t\t\t<cite class=\"elementor-testimonial__cite\"><span class=\"elementor-testimonial__name\">Laura Lima<\/span><span class=\"elementor-testimonial__title\">CEO de Lingua Blend<\/span><\/cite>\t\t\t<\/div>\n\t\t<\/div>\n\t\t\t\t\t\t\t\t<\/div>\n\t\t\t\t\t\t\t\t\t<\/div>\n\t\t\t\t\t\t\t<\/div>\n\t\t<\/div>\n\t\t\t\t\t\t<\/div>\n\t\t\t\t<\/div>\n\t\t\t\t\t<\/div>\n\t\t<\/div>\n\t\t\t\t\t<\/div>\n\t\t<\/section>\n\t\t\t\t<\/div>\n\t\t","protected":false},"excerpt":{"rendered":"<p>\u00bfCu\u00e1l es tu viaje ling\u00fc\u00edstico? Te cuento un poco del m\u00edo\u2026 Imagina esto: Una chica brasile\u00f1a de unos 19 a\u00f1os, [&hellip;]<\/p>\n","protected":false},"author":1,"featured_media":0,"parent":0,"menu_order":0,"comment_status":"closed","ping_status":"closed","template":"","meta":{"site-sidebar-layout":"no-sidebar","site-content-layout":"","ast-site-content-layout":"full-width-container","site-content-style":"default","site-sidebar-style":"default","ast-global-header-display":"","ast-banner-title-visibility":"","ast-main-header-display":"","ast-hfb-above-header-display":"","ast-hfb-below-header-display":"","ast-hfb-mobile-header-display":"","site-post-title":"disabled","ast-breadcrumbs-content":"","ast-featured-img":"disabled","footer-sml-layout":"","theme-transparent-header-meta":"","adv-header-id-meta":"","stick-header-meta":"","header-above-stick-meta":"","header-main-stick-meta":"","header-below-stick-meta":"","astra-migrate-meta-layouts":"default","ast-page-background-enabled":"default","ast-page-background-meta":{"desktop":{"background-color":"var(--ast-global-color-4)","background-image":"","background-repeat":"repeat","background-position":"center center","background-size":"auto","background-attachment":"scroll","background-type":"","background-media":"","overlay-type":"","overlay-color":"","overlay-gradient":""},"tablet":{"background-color":"","background-image":"","background-repeat":"repeat","background-position":"center center","background-size":"auto","background-attachment":"scroll","background-type":"","background-media":"","overlay-type":"","overlay-color":"","overlay-gradient":""},"mobile":{"background-color":"","background-image":"","background-repeat":"repeat","background-position":"center center","background-size":"auto","background-attachment":"scroll","background-type":"","background-media":"","overlay-type":"","overlay-color":"","overlay-gradient":""}},"ast-content-background-meta":{"desktop":{"background-color":"var(--ast-global-color-5)","background-image":"","background-repeat":"repeat","background-position":"center center","background-size":"auto","background-attachment":"scroll","background-type":"","background-media":"","overlay-type":"","overlay-color":"","overlay-gradient":""},"tablet":{"background-color":"var(--ast-global-color-5)","background-image":"","background-repeat":"repeat","background-position":"center center","background-size":"auto","background-attachment":"scroll","background-type":"","background-media":"","overlay-type":"","overlay-color":"","overlay-gradient":""},"mobile":{"background-color":"var(--ast-global-color-5)","background-image":"","background-repeat":"repeat","background-position":"center center","background-size":"auto","background-attachment":"scroll","background-type":"","background-media":"","overlay-type":"","overlay-color":"","overlay-gradient":""}},"footnotes":""},"_links":{"self":[{"href":"https:\/\/linguablend.com\/index.php\/wp-json\/wp\/v2\/pages\/164"}],"collection":[{"href":"https:\/\/linguablend.com\/index.php\/wp-json\/wp\/v2\/pages"}],"about":[{"href":"https:\/\/linguablend.com\/index.php\/wp-json\/wp\/v2\/types\/page"}],"author":[{"embeddable":true,"href":"https:\/\/linguablend.com\/index.php\/wp-json\/wp\/v2\/users\/1"}],"replies":[{"embeddable":true,"href":"https:\/\/linguablend.com\/index.php\/wp-json\/wp\/v2\/comments?post=164"}],"version-history":[{"count":53,"href":"https:\/\/linguablend.com\/index.php\/wp-json\/wp\/v2\/pages\/164\/revisions"}],"predecessor-version":[{"id":1243,"href":"https:\/\/linguablend.com\/index.php\/wp-json\/wp\/v2\/pages\/164\/revisions\/1243"}],"wp:attachment":[{"href":"https:\/\/linguablend.com\/index.php\/wp-json\/wp\/v2\/media?parent=164"}],"curies":[{"name":"wp","href":"https:\/\/api.w.org\/{rel}","templated":true}]}}